{"id":442,"date":"2018-05-08T10:08:14","date_gmt":"2018-05-08T10:08:14","guid":{"rendered":"http:\/\/berghofer-legal.de?page_id=442"},"modified":"2018-05-08T10:08:14","modified_gmt":"2018-05-08T10:08:14","slug":"imprint","status":"publish","type":"page","link":"https:\/\/berghofer-legal.de\/en\/imprint","title":{"rendered":"Imprint"},"content":{"rendered":"<div class=\"wpb-content-wrapper\">[vc_row row_type=&#8221;row&#8221; use_row_as_full_screen_section=&#8221;no&#8221; type=&#8221;full_width&#8221; anchor=&#8221;kontakt&#8221; text_align=&#8221;left&#8221; background_animation=&#8221;none&#8221; css_animation=&#8221;&#8221;][vc_column][vc_row_inner row_type=&#8221;row&#8221; type=&#8221;full_width&#8221; use_row_as_full_screen_section_slide=&#8221;no&#8221; text_align=&#8221;left&#8221; css_animation=&#8221;&#8221;][vc_column_inner offset=&#8221;vc_hidden-sm vc_hidden-xs&#8221;][vc_empty_space height=&#8221;20&#8243;][\/vc_column_inner][\/vc_row_inner][vc_row_inner row_type=&#8221;row&#8221; type=&#8221;grid&#8221; use_row_as_full_screen_section_slide=&#8221;no&#8221; text_align=&#8221;left&#8221; css_animation=&#8221;&#8221;][vc_column_inner][vc_column_text]\n<h1>LEGAL INFORMATION AND PROVIDER IDENTIFICATION<\/h1>\n[\/vc_column_text][vc_separator type=&#8221;small&#8221; position=&#8221;left&#8221; color=&#8221;#2eae7c&#8221; border_style=&#8221;&#8221; thickness=&#8221;2&#8243; width=&#8221;60&#8243; up=&#8221;25&#8243; down=&#8221;25&#8243;][vc_column_text]\n<h4>PROVIDER IDENTIFICATION<\/h4>\n[\/vc_column_text][vc_column_text]\n<p class=\"p1\">The person responsible for the content of this site and provider of this website under Article 5 TMG (German Telemedia Act), Article 55 RStV (Treaty Regulating Broadcasting) and Article 10 MDStV (Treaty Regulating Media Services) is<\/p>\n[\/vc_column_text][vc_empty_space height=&#8221;20&#8243;][\/vc_column_inner][\/vc_row_inner][vc_row_inner row_type=&#8221;row&#8221; type=&#8221;grid&#8221; use_row_as_full_screen_section_slide=&#8221;no&#8221; text_align=&#8221;left&#8221; css_animation=&#8221;&#8221;][vc_column_inner][vc_column_text]<span style=\"color: #2eae7c;\"><b>Michael A. Berghofer, LL.M:<br \/>\n<\/b><\/span>Rechtsanwalt \/ Attorney<br \/>\nJosef-J\u00e4gerhuber-Stra\u00dfe 10<\/p>\n<p class=\"p1\">82319 Starnberg<br \/>\n<strong>T.<\/strong> +49 8151 55 66 547<br \/>\n<strong>F.<\/strong> +49 8151 55 67 664<\/p>\n<p class=\"p1\"><strong>E<\/strong>. <a href=\"mailto:mb@berghofer-legal.de\">mb@berghofer-legal.de<\/a><\/p>\n[\/vc_column_text][vc_empty_space height=&#8221;20&#8243;][vc_column_text]\n<p class=\"p1\">VAT identification number<\/p>\n<p class=\"p1\">DE316812735<\/p>\n[\/vc_column_text][vc_empty_space height=&#8221;20&#8243;][\/vc_column_inner][\/vc_row_inner][vc_row_inner row_type=&#8221;row&#8221; type=&#8221;grid&#8221; use_row_as_full_screen_section_slide=&#8221;no&#8221; text_align=&#8221;left&#8221; css_animation=&#8221;&#8221;][vc_column_inner][vc_column_text]\n<h4 class=\"p1\">LOCATIONS<\/h4>\n[\/vc_column_text][vc_empty_space height=&#8221;20&#8243;][\/vc_column_inner][\/vc_row_inner][vc_row_inner row_type=&#8221;row&#8221; type=&#8221;grid&#8221; use_row_as_full_screen_section_slide=&#8221;no&#8221; text_align=&#8221;left&#8221; css_animation=&#8221;&#8221;][vc_column_inner][vc_column_text]<strong><span style=\"color: #2eae7c;\">Starnberg<br \/>\n<\/span><\/strong>Josef-J\u00e4gerhuber-Stra\u00dfe 10<br \/>\n82319 Starnberg<br \/>\n<strong>T.<\/strong> +49 8151 55 66 547<br \/>\n<strong>F.<\/strong> +49 8151 55 67 664<\/p>\n<p><strong>\u00a0<\/strong>[\/vc_column_text][vc_empty_space height=&#8221;10&#8243;][vc_column_text]<strong><span style=\"color: #2eae7c;\">M\u00fcnchen<br \/>\n<\/span><\/strong>Maximilianstra\u00dfe 2<br \/>\n80539 M\u00fcnchen<br \/>\n<strong>T.<\/strong> +49 89 20 500 85644<br \/>\n<strong>F.<\/strong> +49 89 20 500 8150<\/p>\n<p><strong>\u00a0<\/strong>[\/vc_column_text][\/vc_column_inner][\/vc_row_inner][vc_empty_space height=&#8221;20&#8243;][\/vc_column][\/vc_row][vc_row row_type=&#8221;row&#8221; use_row_as_full_screen_section=&#8221;no&#8221; type=&#8221;full_width&#8221; anchor=&#8221;anfahrt&#8221; text_align=&#8221;left&#8221; background_animation=&#8221;none&#8221; css_animation=&#8221;&#8221;][vc_column][vc_row_inner row_type=&#8221;row&#8221; type=&#8221;grid&#8221; use_row_as_full_screen_section_slide=&#8221;no&#8221; text_align=&#8221;left&#8221; css_animation=&#8221;&#8221;][vc_column_inner][vc_separator type=&#8221;normal&#8221; color=&#8221;#eaeaea&#8221; border_style=&#8221;&#8221; thickness=&#8221;1&#8243; up=&#8221;25&#8243; down=&#8221;25&#8243;][vc_column_text]\n<h4 class=\"p1\">AVOIDING CONFLICTS OF INTEREST<\/h4>\n<div class=\"rteTxt\">\n<p class=\"p1\">Lawyers are prohibited by professional regulation from representing conflicting interests (Sect. 43a(3) BRAO). Therefore, before an engagement is accepted, a conflict-of-interest check will be carried out.<\/p>\n<\/div>\n[\/vc_column_text][vc_separator type=&#8221;normal&#8221; color=&#8221;#eaeaea&#8221; border_style=&#8221;&#8221; thickness=&#8221;1&#8243; up=&#8221;25&#8243; down=&#8221;25&#8243;][vc_column_text]\n<h4 class=\"p1\">ADMISSION TO THE BAR AND DESIGNATION OF OCCUPATION<\/h4>\n<p>Michael Berghofer is admitted to the bar in Germany and member of <a href=\"https:\/\/rak-muenchen.de\/\" target=\"_blank\" rel=\"noopener\">Rechtsanwaltskammer M\u00fcnchen<\/a>, the bar Association in Munich[\/vc_column_text][vc_separator type=&#8221;normal&#8221; color=&#8221;#eaeaea&#8221; border_style=&#8221;&#8221; thickness=&#8221;1&#8243; up=&#8221;25&#8243; down=&#8221;25&#8243;][vc_column_text]\n<h4 class=\"p1\">PROFESSIONAL CODES OF PRACTICE<\/h4>\n<p class=\"p1\">The relevant professional rules and regulations for lawyers can be accessed in the \u201cBerufsrecht\u201d section of the Bundesrechtsanwaltskammer website (<span class=\"s1\">www.brak.de<\/span>) and include<\/p>\n<ul>\n<li>Federal Lawyers\u2019 Act (BRAO, Bundesrechtsanwaltsordnung)<\/li>\n<li>Law on Lawyers\u2018 Fees (RVG, Rechtsanwaltsverg\u00fctungsgesetz)<\/li>\n<li>Professional Standards for Lawyers in the European Community (CCBE, Berufsregeln der Rechtsanw\u00e4lte der Europ\u00e4ischen Gemeinschaft)<\/li>\n<li>Law implementing the Directives of the European Community pertaining to the professional law regulating the legal profession (EuRAG, Gesetz \u00fcber die T\u00e4tigkeit europ\u00e4ischer Rechtsanw\u00e4lte)<\/li>\n<\/ul>\n[\/vc_column_text][vc_separator type=&#8221;normal&#8221; color=&#8221;#eaeaea&#8221; border_style=&#8221;&#8221; thickness=&#8221;1&#8243; up=&#8221;25&#8243; down=&#8221;25&#8243;][vc_column_text]\n<h4 class=\"p1\">PROFESSIONAL LIABILITY INSURANCE<\/h4>\n<div class=\"rteTxt\">\n<p class=\"p1\">Insurance policy number: 70267003097<br \/>\nAXA Versicherung AG<br \/>\nColonia-Allee 10-20<br \/>\n51067 K\u00f6ln<\/p>\n<p>&nbsp;<\/p>\n<p class=\"p1\">Territorial reach: European Union<\/p>\n<\/div>\n[\/vc_column_text][vc_separator type=&#8221;normal&#8221; color=&#8221;#eaeaea&#8221; border_style=&#8221;&#8221; thickness=&#8221;1&#8243; up=&#8221;25&#8243; down=&#8221;25&#8243;][vc_column_text]\n<h4 class=\"p1\">DISCLAIMER<\/h4>\n<div class=\"rteTxt\">\n<p>The information on this website serves to present the law practice of Michael A. Berghofer, LL.M.. It does not constitute legal advice, nor can it be a substitute for legal advice. Berghofer Attorneys does not accept any liability for the accuracy, completeness and timeliness of the content provided on this website, nor for its use or reliance upon. The same applies to the contents of external websites to which this website directly or indirectly refers by means of hyperlinks and over which Berghofer Attorneys has no influence<\/p>\n<\/div>\n[\/vc_column_text][vc_separator type=&#8221;normal&#8221; color=&#8221;#eaeaea&#8221; border_style=&#8221;&#8221; thickness=&#8221;1&#8243; up=&#8221;25&#8243; down=&#8221;25&#8243;][vc_column_text]\n<h4 class=\"p1\">COPYRIGHT LAW<\/h4>\n<p>All texts, graphics, designs, content and works contained on the websites of Berghofer Attorneys is proprietary under German copyright laws and any form of copying, editing, dissemination and utilisation are prohibited without the prior written consent of Berghofer Attorneys. It is prohibited to copy this website in full or in part. Content provided for download is strictly limited to private use and not authorised for any commercial use.[\/vc_column_text][vc_separator type=&#8221;normal&#8221; color=&#8221;#eaeaea&#8221; border_style=&#8221;&#8221; thickness=&#8221;1&#8243; up=&#8221;25&#8243; down=&#8221;25&#8243;][vc_column_text]\n<h4 class=\"p1\">INFORMATION ABOUT ONLINE DISPUTE SETTLEMENT<\/h4>\n<p class=\"p1\">Link to Online Dispute Resolution for consumers (ODR): http:\/\/ec.europa.eu\/consumers\/odr\/. Berghofer Attorneys is neither willing nor obliged to participate in any dispute resolution proceedings before a consumer arbitration entity.<\/p>\n[\/vc_column_text][vc_separator type=&#8221;normal&#8221; color=&#8221;#eaeaea&#8221; border_style=&#8221;&#8221; thickness=&#8221;1&#8243; up=&#8221;25&#8243; down=&#8221;25&#8243;][vc_column_text]<div id=\"wpgmza_map_4\" class=\"wpgmza_map wpgmza-auto-left\" style=\"display:block;width:100\\%;height:600px;overflow:hidden;position:relative;\" data-map-id=\"4\" data-maps-engine=\"\" data-build-engine=\"atlas-novus\" data-shortcode-attributes=\"{&quot;id&quot;:&quot;4&quot;,&quot;zoom&quot;:false,&quot;width&quot;:false,&quot;height&quot;:false,&quot;marker&quot;:false,&quot;classname&quot;:false}\" data-settings=\"{&quot;map_title&quot;:&quot;Berghofer Starnberg en&quot;,&quot;map_width&quot;:&quot;100&quot;,&quot;map_height&quot;:&quot;600&quot;,&quot;map_start_lat&quot;:&quot;48.000489&quot;,&quot;map_start_lng&quot;:&quot;11.346995&quot;,&quot;map_start_location&quot;:&quot;48.0004892,11.346995399999969&quot;,&quot;map_start_zoom&quot;:&quot;14&quot;,&quot;default_marker&quot;:&quot;0&quot;,&quot;type&quot;:&quot;1&quot;,&quot;alignment&quot;:&quot;1&quot;,&quot;directions_enabled&quot;:&quot;0&quot;,&quot;styling_enabled&quot;:&quot;0&quot;,&quot;styling_json&quot;:&quot;&quot;,&quot;active&quot;:&quot;0&quot;,&quot;kml&quot;:&quot;&quot;,&quot;bicycle&quot;:&quot;0&quot;,&quot;traffic&quot;:&quot;0&quot;,&quot;dbox&quot;:&quot;1&quot;,&quot;dbox_width&quot;:&quot;100&quot;,&quot;listmarkers&quot;:&quot;0&quot;,&quot;listmarkers_advanced&quot;:&quot;0&quot;,&quot;filterbycat&quot;:&quot;0&quot;,&quot;ugm_enabled&quot;:&quot;0&quot;,&quot;ugm_category_enabled&quot;:&quot;0&quot;,&quot;fusion&quot;:&quot;&quot;,&quot;map_width_type&quot;:&quot;\\\\%&quot;,&quot;map_height_type&quot;:&quot;px&quot;,&quot;mass_marker_support&quot;:&quot;0&quot;,&quot;ugm_access&quot;:&quot;0&quot;,&quot;order_markers_by&quot;:&quot;1&quot;,&quot;order_markers_choice&quot;:&quot;2&quot;,&quot;show_user_location&quot;:&quot;2&quot;,&quot;default_to&quot;:&quot;&quot;,&quot;wpgmza_store_locator_restrict&quot;:&quot;&quot;,&quot;wpgmza_sl_animation&quot;:&quot;1&quot;,&quot;store_locator_query_string&quot;:&quot;PLZ \\\/ Adresse:&quot;,&quot;store_locator_name_string&quot;:&quot;Bezeichnung \\\/ Beschreibung:&quot;,&quot;store_locator_default_address&quot;:&quot;&quot;,&quot;wpgmza_dbox_width_type&quot;:&quot;%&quot;,&quot;map_max_zoom&quot;:&quot;3&quot;,&quot;map_min_zoom&quot;:&quot;21&quot;,&quot;sl_stroke_color&quot;:&quot;FF0000&quot;,&quot;sl_stroke_opacity&quot;:&quot;0.25&quot;,&quot;sl_fill_color&quot;:&quot;FF0000&quot;,&quot;sl_fill_opacity&quot;:&quot;0.15&quot;,&quot;click_open_link&quot;:2,&quot;transport_layer&quot;:0,&quot;iw_primary_color&quot;:&quot;2A3744&quot;,&quot;iw_accent_color&quot;:&quot;252F3A&quot;,&quot;iw_text_color&quot;:&quot;FFFFFF&quot;,&quot;wpgmza_iw_type&quot;:&quot;0&quot;,&quot;list_markers_by&quot;:&quot;0&quot;,&quot;push_in_map&quot;:&quot;&quot;,&quot;push_in_map_placement&quot;:&quot;9&quot;,&quot;wpgmza_push_in_map_width&quot;:&quot;&quot;,&quot;wpgmza_push_in_map_height&quot;:&quot;&quot;,&quot;wpgmza_theme_data&quot;:&quot;[{\\\\\\&quot;featureType\\\\\\&quot;: \\\\\\&quot;administrative\\\\\\&quot;,\\\\\\&quot;elementType\\\\\\&quot;: \\\\\\&quot;labels.text.fill\\\\\\&quot;,\\\\\\&quot;stylers\\\\\\&quot;: [{\\\\\\&quot;color\\\\\\&quot;: \\\\\\&quot;#444444\\\\\\&quot;}]},{\\\\\\&quot;featureType\\\\\\&quot;: \\\\\\&quot;landscape\\\\\\&quot;,\\\\\\&quot;elementType\\\\\\&quot;: \\\\\\&quot;all\\\\\\&quot;,\\\\\\&quot;stylers\\\\\\&quot;: [{\\\\\\&quot;color\\\\\\&quot;: \\\\\\&quot;#f2f2f2\\\\\\&quot;}]},{\\\\\\&quot;featureType\\\\\\&quot;: \\\\\\&quot;poi\\\\\\&quot;,\\\\\\&quot;elementType\\\\\\&quot;: \\\\\\&quot;all\\\\\\&quot;,\\\\\\&quot;stylers\\\\\\&quot;: [{\\\\\\&quot;visibility\\\\\\&quot;: \\\\\\&quot;off\\\\\\&quot;}]},{\\\\\\&quot;featureType\\\\\\&quot;: \\\\\\&quot;road\\\\\\&quot;,\\\\\\&quot;elementType\\\\\\&quot;: \\\\\\&quot;all\\\\\\&quot;,\\\\\\&quot;stylers\\\\\\&quot;: [{\\\\\\&quot;saturation\\\\\\&quot;: -100},{\\\\\\&quot;lightness\\\\\\&quot;: 45}]},{\\\\\\&quot;featureType\\\\\\&quot;: \\\\\\&quot;road.highway\\\\\\&quot;,\\\\\\&quot;elementType\\\\\\&quot;: \\\\\\&quot;all\\\\\\&quot;,\\\\\\&quot;stylers\\\\\\&quot;: [{\\\\\\&quot;visibility\\\\\\&quot;: \\\\\\&quot;simplified\\\\\\&quot;}]},{\\\\\\&quot;featureType\\\\\\&quot;: \\\\\\&quot;road.arterial\\\\\\&quot;,\\\\\\&quot;elementType\\\\\\&quot;: \\\\\\&quot;labels.icon\\\\\\&quot;,\\\\\\&quot;stylers\\\\\\&quot;: [{\\\\\\&quot;visibility\\\\\\&quot;: \\\\\\&quot;off\\\\\\&quot;}]},{\\\\\\&quot;featureType\\\\\\&quot;: \\\\\\&quot;transit\\\\\\&quot;,\\\\\\&quot;elementType\\\\\\&quot;: \\\\\\&quot;all\\\\\\&quot;,\\\\\\&quot;stylers\\\\\\&quot;: [{\\\\\\&quot;visibility\\\\\\&quot;: \\\\\\&quot;off\\\\\\&quot;}]},{\\\\\\&quot;featureType\\\\\\&quot;: \\\\\\&quot;water\\\\\\&quot;,\\\\\\&quot;elementType\\\\\\&quot;: \\\\\\&quot;all\\\\\\&quot;,\\\\\\&quot;stylers\\\\\\&quot;: [{\\\\\\&quot;color\\\\\\&quot;: \\\\\\&quot;#2eae7c\\\\\\&quot;},{\\\\\\&quot;visibility\\\\\\&quot;: \\\\\\&quot;on\\\\\\&quot;}]}]&quot;,&quot;upload_default_ul_marker&quot;:&quot;&quot;,&quot;upload_default_sl_marker&quot;:&quot;&quot;,&quot;shortcodeAttributes&quot;:{&quot;id&quot;:&quot;4&quot;},&quot;id&quot;:4}\" ><\/div>[\/vc_column_text][\/vc_column_inner][\/vc_row_inner][vc_empty_space][\/vc_column][\/vc_row]\n<\/div>","protected":false},"excerpt":{"rendered":"<p>[vc_row row_type=&#8221;row&#8221; use_row_as_full_screen_section=&#8221;no&#8221; type=&#8221;full_width&#8221; anchor=&#8221;kontakt&#8221; text_align=&#8221;left&#8221; background_animation=&#8221;none&#8221; css_animation=&#8221;&#8221;][vc_column][vc_row_inner row_type=&#8221;row&#8221; type=&#8221;full_width&#8221; use_row_as_full_screen_section_slide=&#8221;no&#8221; text_align=&#8221;left&#8221; css_animation=&#8221;&#8221;][vc_column_inner offset=&#8221;vc_hidden-sm vc_hidden-xs&#8221;][vc_empty_space height=&#8221;20&#8243;][\/vc_column_inner][\/vc_row_inner][vc_row_inner row_type=&#8221;row&#8221; type=&#8221;grid&#8221; use_row_as_full_screen_section_slide=&#8221;no&#8221; text_align=&#8221;left&#8221; css_animation=&#8221;&#8221;][vc_column_inner][vc_column_text] LEGAL INFORMATION AND PROVIDER&#8230;<\/p>\n","protected":false},"author":2,"featured_media":0,"parent":0,"menu_order":0,"comment_status":"closed","ping_status":"closed","template":"full_width.php","meta":{"footnotes":""},"class_list":["post-442","page","type-page","status-publish","hentry"],"_links":{"self":[{"href":"https:\/\/berghofer-legal.de\/en\/wp-json\/wp\/v2\/pages\/442","targetHints":{"allow":["GET"]}}],"collection":[{"href":"https:\/\/berghofer-legal.de\/en\/wp-json\/wp\/v2\/pages"}],"about":[{"href":"https:\/\/berghofer-legal.de\/en\/wp-json\/wp\/v2\/types\/page"}],"author":[{"embeddable":true,"href":"https:\/\/berghofer-legal.de\/en\/wp-json\/wp\/v2\/users\/2"}],"replies":[{"embeddable":true,"href":"https:\/\/berghofer-legal.de\/en\/wp-json\/wp\/v2\/comments?post=442"}],"version-history":[{"count":1,"href":"https:\/\/berghofer-legal.de\/en\/wp-json\/wp\/v2\/pages\/442\/revisions"}],"predecessor-version":[{"id":448,"href":"https:\/\/berghofer-legal.de\/en\/wp-json\/wp\/v2\/pages\/442\/revisions\/448"}],"wp:attachment":[{"href":"https:\/\/berghofer-legal.de\/en\/wp-json\/wp\/v2\/media?parent=442"}],"curies":[{"name":"wp","href":"https:\/\/api.w.org\/{rel}","templated":true}]}}